{"id":5,"date":"2013-07-20T16:03:24","date_gmt":"2013-07-20T14:03:24","guid":{"rendered":"http:\/\/www.lebenundmeer.de\/wordpress\/?page_id=5"},"modified":"2020-08-02T14:44:42","modified_gmt":"2020-08-02T12:44:42","slug":"uber-mich","status":"publish","type":"page","link":"http:\/\/www.lebenundmeer.de\/?page_id=5","title":{"rendered":"\u00dcber mich"},"content":{"rendered":"<p>Herzlich Willkommen in meinem kleinen Blog.<\/p>\n<p>Wie wir alle muss auch ich mein t\u00e4glich Brot in der Arbeitswelt verdienen. Um kleine Inseln und Ausfl\u00fcchte zu finden, die dem Alltag Glanz geben, lasse ich meiner Kreativit\u00e4t freien Lauf und erschaffe aus m\u00f6gichst vielen verschiedenen Materialien Dinge, die das Leben versch\u00f6nern. Besonders genie\u00dfe ich es, dass meine Tochter und der Mann meines Herzens ihre Ideen und Fertigkeiten mit einbringen. Dadurch entstehen f\u00fcr uns kleine Schmuckst\u00fccke, die&nbsp; einen immensen Erinnerungsschatz f\u00fcr uns bedeuten. Diese Art von gemeinsamer Kreativit\u00e4t lernte ich von meinen Eltern, vielleicht ein Geheimrezept ihrer langj\u00e4hrigen Ehe. So stecken auch viele ihrer Ideen mit in diesem Blog. Durch meine Eltern lernte ich, aufmerksam und neugierig durch die Welt zu gehen und offen f\u00fcr Anregungen zu sein. In diesem Sinne sind viele der hier dargestellen Dinge auch nicht unbedingt eigene Ideen. Aber&nbsp;alle&nbsp;Ideen&nbsp;bergen in sich die M\u00f6glichkeit, eigene Inspirationen einzubringen.<\/p>\n<p>Ich w\u00fcnsche euch viel Spa\u00df beim St\u00f6bern. F\u00fcr Verbesserungsvorschl\u00e4ge bzw. Kritik bin ich dankbar. Ganz nach dem Motto &#8222;Sei kreativ und mache Dir und anderen damit eine Freude&#8220;!<\/p>\n<p>Kram, Nele.<\/p>\n<p>P.S. Kram ist Schwedisch und bedeutet Umarmung. Meine schwedische Freundin unterschreibt so ihre Briefe. Bei dem &#8222;Kram&#8220;, den ich mache, fand ich die Doppelsinnigkeit f\u00fcr meine Seite perfekt.<\/p>\n<p>&nbsp;<\/p>\n","protected":false},"excerpt":{"rendered":"<p>Herzlich Willkommen in meinem kleinen Blog. Wie wir alle muss auch ich mein t\u00e4glich Brot in der Arbeitswelt verdienen. Um kleine Inseln und Ausfl\u00fcchte zu finden, die dem Alltag Glanz geben, lasse ich meiner Kreativit\u00e4t freien Lauf und erschaffe aus m\u00f6gichst vielen verschiedenen Materialien Dinge, die das Leben versch\u00f6nern. Besonders genie\u00dfe ich es, dass meine [&hellip;]<\/p>\n","protected":false},"author":1,"featured_media":0,"parent":0,"menu_order":0,"comment_status":"open","ping_status":"open","template":"","meta":{"ngg_post_thumbnail":0},"_links":{"self":[{"href":"http:\/\/www.lebenundmeer.de\/index.php?rest_route=\/wp\/v2\/pages\/5"}],"collection":[{"href":"http:\/\/www.lebenundmeer.de\/index.php?rest_route=\/wp\/v2\/pages"}],"about":[{"href":"http:\/\/www.lebenundmeer.de\/index.php?rest_route=\/wp\/v2\/types\/page"}],"author":[{"embeddable":true,"href":"http:\/\/www.lebenundmeer.de\/index.php?rest_route=\/wp\/v2\/users\/1"}],"replies":[{"embeddable":true,"href":"http:\/\/www.lebenundmeer.de\/index.php?rest_route=%2Fwp%2Fv2%2Fcomments&post=5"}],"version-history":[{"count":9,"href":"http:\/\/www.lebenundmeer.de\/index.php?rest_route=\/wp\/v2\/pages\/5\/revisions"}],"predecessor-version":[{"id":1217,"href":"http:\/\/www.lebenundmeer.de\/index.php?rest_route=\/wp\/v2\/pages\/5\/revisions\/1217"}],"wp:attachment":[{"href":"http:\/\/www.lebenundmeer.de\/index.php?rest_route=%2Fwp%2Fv2%2Fmedia&parent=5"}],"curies":[{"name":"wp","href":"https:\/\/api.w.org\/{rel}","templated":true}]}}